{"id":331,"date":"2023-11-28T17:12:19","date_gmt":"2023-11-28T17:12:19","guid":{"rendered":"https:\/\/solaris-liberty.de\/?page_id=331"},"modified":"2024-07-31T23:07:10","modified_gmt":"2024-07-31T23:07:10","slug":"was","status":"publish","type":"page","link":"https:\/\/solaris-liberty.de\/?page_id=331","title":{"rendered":"Was?"},"content":{"rendered":"\n<p>Mit Solaris Vault Liberty haben Sie einen Speicher, welcher sich flexibelsten Bedingungen anpassen kann. Sie ben\u00f6tigen lediglich eine Schutzkontaktsteckdose und einen digitalen Stromz\u00e4hler.<\/p>\n\n\n\n<p>Die Plug-and-Play-Funktionalit\u00e4t des Systems erm\u00f6glicht eine m\u00fchelose Integration mit bestehenden Photovoltaikanlagen. Ohne aufwendige Umbauten k\u00f6nnen Nutzer von Solaris Vault Liberty direkt von den Vorteilen der Energiespeicherung profitieren.<\/p>\n\n\n\n<p>Bald k\u00f6nnen Sie genauere Details \u00fcber das Projekt kennenlernen.<\/p>\n","protected":false},"excerpt":{"rendered":"<p>Mit Solaris Vault Liberty haben Sie einen Speicher, welcher sich flexibelsten Bedingungen anpassen kann. Sie ben\u00f6tigen lediglich eine Schutzkontaktsteckdose und einen digitalen Stromz\u00e4hler. Die Plug-and-Play-Funktionalit\u00e4t des Systems erm\u00f6glicht eine m\u00fchelose Integration mit bestehenden Photovoltaikanlagen. Ohne aufwendige Umbauten k\u00f6nnen Nutzer von Solaris Vault Liberty direkt von den Vorteilen der Energiespeicherung profitieren. Bald k\u00f6nnen Sie genauere Details&hellip; <a class=\"more-link\" href=\"https:\/\/solaris-liberty.de\/?page_id=331\">Continue reading <span class=\"screen-reader-text\">Was?<\/span><\/a><\/p>\n","protected":false},"author":1,"featured_media":0,"parent":0,"menu_order":0,"comment_status":"closed","ping_status":"closed","template":"","meta":{"footnotes":""},"class_list":["post-331","page","type-page","status-publish","hentry","entry"],"_links":{"self":[{"href":"https:\/\/solaris-liberty.de\/index.php?rest_route=\/wp\/v2\/pages\/331","targetHints":{"allow":["GET"]}}],"collection":[{"href":"https:\/\/solaris-liberty.de\/index.php?rest_route=\/wp\/v2\/pages"}],"about":[{"href":"https:\/\/solaris-liberty.de\/index.php?rest_route=\/wp\/v2\/types\/page"}],"author":[{"embeddable":true,"href":"https:\/\/solaris-liberty.de\/index.php?rest_route=\/wp\/v2\/users\/1"}],"replies":[{"embeddable":true,"href":"https:\/\/solaris-liberty.de\/index.php?rest_route=%2Fwp%2Fv2%2Fcomments&post=331"}],"version-history":[{"count":3,"href":"https:\/\/solaris-liberty.de\/index.php?rest_route=\/wp\/v2\/pages\/331\/revisions"}],"predecessor-version":[{"id":400,"href":"https:\/\/solaris-liberty.de\/index.php?rest_route=\/wp\/v2\/pages\/331\/revisions\/400"}],"wp:attachment":[{"href":"https:\/\/solaris-liberty.de\/index.php?rest_route=%2Fwp%2Fv2%2Fmedia&parent=331"}],"curies":[{"name":"wp","href":"https:\/\/api.w.org\/{rel}","templated":true}]}}