{"id":336,"date":"2023-11-28T17:13:51","date_gmt":"2023-11-28T17:13:51","guid":{"rendered":"https:\/\/solaris-liberty.de\/?page_id=336"},"modified":"2024-07-31T23:13:48","modified_gmt":"2024-07-31T23:13:48","slug":"wann","status":"publish","type":"page","link":"https:\/\/solaris-liberty.de\/?page_id=336","title":{"rendered":"Wann?"},"content":{"rendered":"\n<p class=\"MsoNormal\">Die Effizienz von Solaris Vault Liberty, unserer innovativen Energiespeicherl\u00f6sung, steht in direktem Zusammenhang mit der Verf\u00fcgbarkeit von Sonnenlicht, die durch die Jahreszeiten beeinflusst wird. Hier sind einige \u00dcberlegungen zu den verschiedenen Jahreszeiten und wie Solaris Vault Liberty diese Herausforderungen bew\u00e4ltigt:<\/p>\n\n\n\n<p class=\"MsoNormal\"><b>1. Fr\u00fchling und Sommer:<\/b><\/p>\n\n\n\n<ul class=\"wp-block-list\">\n<li><i>Optimale Jahreszeiten:<\/i> Solaris Vault Liberty erzielt optimale Ergebnisse in den sonnenreichen Monaten des Fr\u00fchlings und Sommers. Die l\u00e4ngeren Tage und die intensive Sonneneinstrahlung erm\u00f6glichen eine maximale Energieerzeugung und -Speicherung.<\/li>\n<\/ul>\n\n\n\n<p class=\"MsoNormal\"><b>2. Herbst:<\/b><\/p>\n\n\n\n<ul class=\"wp-block-list\">\n<li><i>Abnehmende Intensit\u00e4t:<\/i> Im Herbst, wenn die Tage k\u00fcrzer werden, passt sich Solaris Vault Liberty an die ver\u00e4nderten Bedingungen an. Es kann dazu beitragen, die gewonnene Energie in den kurzen Sonnenstunden auf den Tag zu verteilen.<\/li>\n\n\n\n<li><i>Dennoch sinnvoll:<\/i> Dank seiner intelligenten Steuerung und Speichertechnologie bleibt Solaris Vault Liberty auch im Herbst sinnvoll. In Regionen mit gem\u00e4\u00dfigtem oder mildem Herbstwetter kann es weiterhin einen wertvollen Beitrag zur Energieerzeugung leisten.<\/li>\n<\/ul>\n\n\n\n<p class=\"MsoNormal\"><b>3. Winter:<\/b><\/p>\n\n\n\n<ul class=\"wp-block-list\">\n<li><i>Geringere Effizienz:<\/i> W\u00e4hrend des Winters mit den k\u00fcrzesten Tagen und geringerer Sonnenintensit\u00e4t kann die Energiespeicherung von Solaris Vault Liberty reduziert sein.<\/li>\n\n\n\n<li><i>Nicht optimal, aber nutzbar:<\/i> Obwohl die Wintermonate nicht die optimalen Bedingungen bieten, bleibt Solaris Vault Liberty nutzbar. Die Verf\u00fcgbarkeit von Sonnenlicht, selbst an k\u00fcrzeren Tagen, erm\u00f6glicht weiterhin die Deckung eines Teils des Energiebedarfs.<\/li>\n<\/ul>\n","protected":false},"excerpt":{"rendered":"<p>Die Effizienz von Solaris Vault Liberty, unserer innovativen Energiespeicherl\u00f6sung, steht in direktem Zusammenhang mit der Verf\u00fcgbarkeit von Sonnenlicht, die durch die Jahreszeiten beeinflusst wird. Hier sind einige \u00dcberlegungen zu den verschiedenen Jahreszeiten und wie Solaris Vault Liberty diese Herausforderungen bew\u00e4ltigt: 1. Fr\u00fchling und Sommer: 2. Herbst: 3. Winter:<\/p>\n","protected":false},"author":1,"featured_media":0,"parent":0,"menu_order":0,"comment_status":"closed","ping_status":"closed","template":"","meta":{"footnotes":""},"class_list":["post-336","page","type-page","status-publish","hentry","entry"],"_links":{"self":[{"href":"https:\/\/solaris-liberty.de\/index.php?rest_route=\/wp\/v2\/pages\/336","targetHints":{"allow":["GET"]}}],"collection":[{"href":"https:\/\/solaris-liberty.de\/index.php?rest_route=\/wp\/v2\/pages"}],"about":[{"href":"https:\/\/solaris-liberty.de\/index.php?rest_route=\/wp\/v2\/types\/page"}],"author":[{"embeddable":true,"href":"https:\/\/solaris-liberty.de\/index.php?rest_route=\/wp\/v2\/users\/1"}],"replies":[{"embeddable":true,"href":"https:\/\/solaris-liberty.de\/index.php?rest_route=%2Fwp%2Fv2%2Fcomments&post=336"}],"version-history":[{"count":4,"href":"https:\/\/solaris-liberty.de\/index.php?rest_route=\/wp\/v2\/pages\/336\/revisions"}],"predecessor-version":[{"id":404,"href":"https:\/\/solaris-liberty.de\/index.php?rest_route=\/wp\/v2\/pages\/336\/revisions\/404"}],"wp:attachment":[{"href":"https:\/\/solaris-liberty.de\/index.php?rest_route=%2Fwp%2Fv2%2Fmedia&parent=336"}],"curies":[{"name":"wp","href":"https:\/\/api.w.org\/{rel}","templated":true}]}}