{"id":338,"date":"2023-11-28T17:14:44","date_gmt":"2023-11-28T17:14:44","guid":{"rendered":"https:\/\/solaris-liberty.de\/?page_id=338"},"modified":"2024-07-31T23:16:30","modified_gmt":"2024-07-31T23:16:30","slug":"wie","status":"publish","type":"page","link":"https:\/\/solaris-liberty.de\/?page_id=338","title":{"rendered":"Wie?"},"content":{"rendered":"\n<p>Solaris Vault Liberty revolutioniert die Art und Weise, wie Sie Energie in Ihrem Zuhause nutzen. Dieser steckerfertige Energiespeicher erm\u00f6glicht Ihnen maximale Freiheit, indem Sie ihn einfach an einer herk\u00f6mmlichen Schutzkontaktsteckdose anschlie\u00dfen k\u00f6nnen. Der Installationsaufwand wird auf ein Minimum reduziert \u2013 kein Leitungsverlegen, keine Notwendigkeit f\u00fcr einen Elektriker. Lediglich ein kleiner Sensor wird am Stromz\u00e4hler angebracht.<\/p>\n\n\n\n<p>Die Sch\u00f6nheit von Solaris Vault Liberty liegt in seiner nahtlosen Integration mit bestehenden Balkonkraftwerken. Ihr vorhandenes Setup bleibt unver\u00e4ndert, und die Verbraucher beziehen weiterhin ihren Strom vorrangig vom Wechselrichter des Balkonkraftwerks. Doch hier h\u00f6rt die Innovation nicht auf. Solaris Vault Liberty geht einen Schritt weiter, indem es nicht verbrauchte \u00dcbersch\u00fcsse an Solarenergie einf\u00e4ngt und in seinem Akku speichert. Diese gespeicherte Energie wird dann nur abgerufen, wenn der Bedarf im Haushalt besteht.<\/p>\n\n\n\n<p>Die Vorteile von Solaris Vault Liberty sind vielf\u00e4ltig und machen ihn zu einer erstklassigen Wahl f\u00fcr jeden Haushalt:<\/p>\n\n\n\n<ul class=\"wp-block-list\">\n<li><strong>Plug and Play:<\/strong> Die Installation ist so einfach wie das Anschlie\u00dfen eines Steckers an eine herk\u00f6mmliche Steckdose.<\/li>\n\n\n\n<li><strong>Kein Elektriker notwendig:<\/strong> Die Notwendigkeit eines Elektrikers entf\u00e4llt vollst\u00e4ndig, was Zeit und Kosten spart.<\/li>\n\n\n\n<li><strong>Flexibler Anschluss \u00fcberall im Haus:<\/strong> Die Freiheit, den Energiespeicher an verschiedenen Orten im Haus anzuschlie\u00dfen, bietet Ihnen maximale Flexibilit\u00e4t.<\/li>\n\n\n\n<li><strong>Anschlussort jederzeit \u00e4nderbar:<\/strong> Sie haben die Kontrolle. \u00c4ndern Sie den Anschlussort nach Belieben, um den Bed\u00fcrfnissen Ihres Haushalts gerecht zu werden.<\/li>\n\n\n\n<li><strong>Weniger Umwandlungsverluste bei kleinen Photovoltaikanlagen:<\/strong> SVL minimiert Umwandlungsverluste und sorgt so f\u00fcr eine effizientere Nutzung der Solarenergie.<\/li>\n\n\n\n<li><strong>Sofort erweiterbar:<\/strong> Wenn Sie mehr Speicherkapazit\u00e4t ben\u00f6tigen, \u00fcberlegen Sie nicht lange und stecken Sie ein weiteres SVL System ein. <\/li>\n<\/ul>\n\n\n\n<p>Mit Solaris Vault Liberty wird Energieeffizienz zum Kinderspiel, besonders im Kontext kleiner Photovoltaikanlagen. Ein Schritt in die Zukunft der nachhaltigen und benutzerfreundlichen Energieversorgung.<\/p>\n","protected":false},"excerpt":{"rendered":"<p>Solaris Vault Liberty revolutioniert die Art und Weise, wie Sie Energie in Ihrem Zuhause nutzen. Dieser steckerfertige Energiespeicher erm\u00f6glicht Ihnen maximale Freiheit, indem Sie ihn einfach an einer herk\u00f6mmlichen Schutzkontaktsteckdose anschlie\u00dfen k\u00f6nnen. Der Installationsaufwand wird auf ein Minimum reduziert \u2013 kein Leitungsverlegen, keine Notwendigkeit f\u00fcr einen Elektriker. Lediglich ein kleiner Sensor wird am Stromz\u00e4hler angebracht.&hellip; <a class=\"more-link\" href=\"https:\/\/solaris-liberty.de\/?page_id=338\">Continue reading <span class=\"screen-reader-text\">Wie?<\/span><\/a><\/p>\n","protected":false},"author":1,"featured_media":0,"parent":0,"menu_order":0,"comment_status":"closed","ping_status":"closed","template":"","meta":{"footnotes":""},"class_list":["post-338","page","type-page","status-publish","hentry","entry"],"_links":{"self":[{"href":"https:\/\/solaris-liberty.de\/index.php?rest_route=\/wp\/v2\/pages\/338","targetHints":{"allow":["GET"]}}],"collection":[{"href":"https:\/\/solaris-liberty.de\/index.php?rest_route=\/wp\/v2\/pages"}],"about":[{"href":"https:\/\/solaris-liberty.de\/index.php?rest_route=\/wp\/v2\/types\/page"}],"author":[{"embeddable":true,"href":"https:\/\/solaris-liberty.de\/index.php?rest_route=\/wp\/v2\/users\/1"}],"replies":[{"embeddable":true,"href":"https:\/\/solaris-liberty.de\/index.php?rest_route=%2Fwp%2Fv2%2Fcomments&post=338"}],"version-history":[{"count":4,"href":"https:\/\/solaris-liberty.de\/index.php?rest_route=\/wp\/v2\/pages\/338\/revisions"}],"predecessor-version":[{"id":406,"href":"https:\/\/solaris-liberty.de\/index.php?rest_route=\/wp\/v2\/pages\/338\/revisions\/406"}],"wp:attachment":[{"href":"https:\/\/solaris-liberty.de\/index.php?rest_route=%2Fwp%2Fv2%2Fmedia&parent=338"}],"curies":[{"name":"wp","href":"https:\/\/api.w.org\/{rel}","templated":true}]}}