{"id":342,"date":"2023-11-28T17:15:11","date_gmt":"2023-11-28T17:15:11","guid":{"rendered":"https:\/\/solaris-liberty.de\/?page_id=342"},"modified":"2024-11-27T22:07:54","modified_gmt":"2024-11-27T22:07:54","slug":"uber-uns","status":"publish","type":"page","link":"https:\/\/solaris-liberty.de\/?page_id=342","title":{"rendered":"\u00dcber uns"},"content":{"rendered":"\n<p>Alexander, Absolvent der Technischen Hochschule Mittelhessen, und Marvin, fortgeschrittener Student derselben Hochschule, teilen eine gemeinsame Leidenschaft f\u00fcr innovative Technologien. Beide haben sich im Studium des Wirtschaftsingenieurwesens spezialisiert: Alexander mit einem Schwerpunkt in Elektrotechnik, Marvin mit einer Vertiefung in Maschinenbau. Alexander bringt durch seinen erfolgreichen Abschluss fundierte Fachkenntnisse und Praxiserfahrungen ein, w\u00e4hrend Marvin sein Wissen durch anspruchsvolle Studienmodule erweitert und bereits an Projekten mitwirkt. Ihre interdisziplin\u00e4re Herangehensweise und ihr Engagement f\u00fcr technische Innovation pr\u00e4gen nicht nur ihre akademische Laufbahn, sondern ebnen auch den Weg f\u00fcr zuk\u00fcnftige gemeinsame Herausforderungen.<\/p>\n\n\n\n<blockquote class=\"wp-block-quote is-layout-flow wp-block-quote-is-layout-flow\">\n<p>Unsere Mission bei Solaris Vault Liberty besteht darin, den Weg f\u00fcr eine nachhaltigere und zug\u00e4nglichere Nutzung von Solarenergie zu ebnen. Wir streben danach, die herk\u00f6mmlichen Grenzen von Photovoltaikanlagen zu durchbrechen und bieten mit unserem innovativen Produkt, dem Solaris Vault Liberty, eine Plug-and-Play-L\u00f6sung f\u00fcr den effizienten und flexiblen Einsatz von Solarenergie im Haushalt.&#8221;<\/p>\n<\/blockquote>\n\n\n\n<blockquote class=\"wp-block-quote is-layout-flow wp-block-quote-is-layout-flow\">\n<p>Unsere Vision ist, eine Welt zu schaffen, in der nachhaltige Energie f\u00fcr jeden zug\u00e4nglich und einfach integrierbar ist. Wir streben danach, das Bewusstsein f\u00fcr erneuerbare Energien zu st\u00e4rken und den \u00dcbergang zu einer nachhaltigen Energiezukunft zu erleichtern.&#8221;<\/p>\n<\/blockquote>\n\n\n\n<figure class=\"wp-block-pullquote\"><blockquote><p>Gro\u00dfer Erfolg bei THM Ideenwettbewerb<\/p><cite>Das Team um SVL trat beim diesj\u00e4hrigen Ideeco der Technischen Hochschule Mittelhessen an und gewann gleich zwei Preise. Das zeigt wie aktuell und dringend das Thema um flexible Energiespeicher ist.<\/cite><\/blockquote><\/figure>\n\n\n\n<figure class=\"wp-block-image size-full\"><img loading=\"lazy\" decoding=\"async\" width=\"657\" height=\"960\" src=\"https:\/\/solaris-liberty.de\/wp-content\/uploads\/2023\/11\/IMG-20231128-WA0006-1.jpg\" alt=\"\" class=\"wp-image-376\" srcset=\"https:\/\/solaris-liberty.de\/wp-content\/uploads\/2023\/11\/IMG-20231128-WA0006-1.jpg 657w, https:\/\/solaris-liberty.de\/wp-content\/uploads\/2023\/11\/IMG-20231128-WA0006-1-205x300.jpg 205w\" sizes=\"auto, (max-width: 657px) 100vw, 657px\" \/><\/figure>\n\n\n\n<blockquote class=\"wp-block-quote is-layout-flow wp-block-quote-is-layout-flow\">\n<p><\/p>\n<\/blockquote>\n\n\n\n<p><\/p>\n","protected":false},"excerpt":{"rendered":"<p>Alexander, Absolvent der Technischen Hochschule Mittelhessen, und Marvin, fortgeschrittener Student derselben Hochschule, teilen eine gemeinsame Leidenschaft f\u00fcr innovative Technologien. Beide haben sich im Studium des Wirtschaftsingenieurwesens spezialisiert: Alexander mit einem Schwerpunkt in Elektrotechnik, Marvin mit einer Vertiefung in Maschinenbau. Alexander bringt durch seinen erfolgreichen Abschluss fundierte Fachkenntnisse und Praxiserfahrungen ein, w\u00e4hrend Marvin sein Wissen durch&hellip; <a class=\"more-link\" href=\"https:\/\/solaris-liberty.de\/?page_id=342\">Continue reading <span class=\"screen-reader-text\">\u00dcber uns<\/span><\/a><\/p>\n","protected":false},"author":1,"featured_media":0,"parent":0,"menu_order":0,"comment_status":"closed","ping_status":"closed","template":"","meta":{"footnotes":""},"class_list":["post-342","page","type-page","status-publish","hentry","entry"],"_links":{"self":[{"href":"https:\/\/solaris-liberty.de\/index.php?rest_route=\/wp\/v2\/pages\/342","targetHints":{"allow":["GET"]}}],"collection":[{"href":"https:\/\/solaris-liberty.de\/index.php?rest_route=\/wp\/v2\/pages"}],"about":[{"href":"https:\/\/solaris-liberty.de\/index.php?rest_route=\/wp\/v2\/types\/page"}],"author":[{"embeddable":true,"href":"https:\/\/solaris-liberty.de\/index.php?rest_route=\/wp\/v2\/users\/1"}],"replies":[{"embeddable":true,"href":"https:\/\/solaris-liberty.de\/index.php?rest_route=%2Fwp%2Fv2%2Fcomments&post=342"}],"version-history":[{"count":8,"href":"https:\/\/solaris-liberty.de\/index.php?rest_route=\/wp\/v2\/pages\/342\/revisions"}],"predecessor-version":[{"id":425,"href":"https:\/\/solaris-liberty.de\/index.php?rest_route=\/wp\/v2\/pages\/342\/revisions\/425"}],"wp:attachment":[{"href":"https:\/\/solaris-liberty.de\/index.php?rest_route=%2Fwp%2Fv2%2Fmedia&parent=342"}],"curies":[{"name":"wp","href":"https:\/\/api.w.org\/{rel}","templated":true}]}}