{"id":95,"date":"2021-09-13T23:44:19","date_gmt":"2021-09-13T21:44:19","guid":{"rendered":"https:\/\/rd-gammaspectra.xyz\/?page_id=95"},"modified":"2021-09-13T23:44:19","modified_gmt":"2021-09-13T21:44:19","slug":"impressum","status":"publish","type":"page","link":"https:\/\/solaris-liberty.de\/?page_id=95","title":{"rendered":"Impressum"},"content":{"rendered":"\n<p>Diese Webseite ist rein privat, ohne jede gesch\u00e4ftsm\u00e4\u00dfige Absicht und ist daher nach \u00a7 5 TMG und \u00a7 55 RStV nicht impressumspflichtig.<\/p>\n\n\n\n<p>E-Mail: <a href=\"mailto:personal.raddet@gmail.com\">personal.raddet@gmail.com<\/a><\/p>\n","protected":false},"excerpt":{"rendered":"<p>Diese Webseite ist rein privat, ohne jede gesch\u00e4ftsm\u00e4\u00dfige Absicht und ist daher nach \u00a7 5 TMG und \u00a7 55 RStV nicht impressumspflichtig. E-Mail: personal.raddet@gmail.com<\/p>\n","protected":false},"author":1,"featured_media":0,"parent":0,"menu_order":0,"comment_status":"closed","ping_status":"closed","template":"","meta":{"footnotes":""},"class_list":["post-95","page","type-page","status-publish","hentry","entry"],"_links":{"self":[{"href":"https:\/\/solaris-liberty.de\/index.php?rest_route=\/wp\/v2\/pages\/95","targetHints":{"allow":["GET"]}}],"collection":[{"href":"https:\/\/solaris-liberty.de\/index.php?rest_route=\/wp\/v2\/pages"}],"about":[{"href":"https:\/\/solaris-liberty.de\/index.php?rest_route=\/wp\/v2\/types\/page"}],"author":[{"embeddable":true,"href":"https:\/\/solaris-liberty.de\/index.php?rest_route=\/wp\/v2\/users\/1"}],"replies":[{"embeddable":true,"href":"https:\/\/solaris-liberty.de\/index.php?rest_route=%2Fwp%2Fv2%2Fcomments&post=95"}],"version-history":[{"count":0,"href":"https:\/\/solaris-liberty.de\/index.php?rest_route=\/wp\/v2\/pages\/95\/revisions"}],"wp:attachment":[{"href":"https:\/\/solaris-liberty.de\/index.php?rest_route=%2Fwp%2Fv2%2Fmedia&parent=95"}],"curies":[{"name":"wp","href":"https:\/\/api.w.org\/{rel}","templated":true}]}}